{"id":21,"date":"2024-03-06T08:19:26","date_gmt":"2024-03-06T08:19:26","guid":{"rendered":"https:\/\/bostanciotel.com\/?page_id=21"},"modified":"2024-03-06T12:53:43","modified_gmt":"2024-03-06T12:53:43","slug":"hakkimizda","status":"publish","type":"page","link":"https:\/\/bostanciotel.com\/index.php\/hakkimizda\/","title":{"rendered":"Hakk\u0131m\u0131zda"},"content":{"rendered":"\t\t<div data-elementor-type=\"wp-page\" data-elementor-id=\"21\" class=\"elementor elementor-21\">\n\t\t\t\t<div class=\"elementor-element elementor-element-70d6322 e-con-full e-flex e-con e-parent\" data-id=\"70d6322\" data-element_type=\"container\">\n\t\t\t\t<div class=\"elementor-element elementor-element-96cb902 elementor-widget elementor-widget-heading\" data-id=\"96cb902\" data-element_type=\"widget\" data-widget_type=\"heading.default\">\n\t\t\t\t<div class=\"elementor-widget-container\">\n\t\t\t<style>\/*! elementor - v3.23.0 - 10-07-2024 *\/\n.elementor-heading-title{padding:0;margin:0;line-height:1}.elementor-widget-heading .elementor-heading-title[class*=elementor-size-]>a{color:inherit;font-size:inherit;line-height:inherit}.elementor-widget-heading .elementor-heading-title.elementor-size-small{font-size:15px}.elementor-widget-heading .elementor-heading-title.elementor-size-medium{font-size:19px}.elementor-widget-heading .elementor-heading-title.elementor-size-large{font-size:29px}.elementor-widget-heading .elementor-heading-title.elementor-size-xl{font-size:39px}.elementor-widget-heading .elementor-heading-title.elementor-size-xxl{font-size:59px}<\/style><h3 class=\"elementor-heading-title elementor-size-default\">Evinizin Rahatl\u0131\u011f\u0131nda Konaklama Deneyimi Ya\u015fay\u0131n. <\/h3>\t\t<\/div>\n\t\t\t\t<\/div>\n\t\t<div class=\"elementor-element elementor-element-1fc397e e-grid e-con-boxed e-con e-child\" data-id=\"1fc397e\" data-element_type=\"container\">\n\t\t\t\t\t<div class=\"e-con-inner\">\n\t\t\t\t<div class=\"elementor-element elementor-element-fc167d3 elementor-widget elementor-widget-text-editor\" data-id=\"fc167d3\" data-element_type=\"widget\" data-widget_type=\"text-editor.default\">\n\t\t\t\t<div class=\"elementor-widget-container\">\n\t\t\t<style>\/*! elementor - v3.23.0 - 10-07-2024 *\/\n.elementor-widget-text-editor.elementor-drop-cap-view-stacked .elementor-drop-cap{background-color:#69727d;color:#fff}.elementor-widget-text-editor.elementor-drop-cap-view-framed .elementor-drop-cap{color:#69727d;border:3px solid;background-color:transparent}.elementor-widget-text-editor:not(.elementor-drop-cap-view-default) .elementor-drop-cap{margin-top:8px}.elementor-widget-text-editor:not(.elementor-drop-cap-view-default) .elementor-drop-cap-letter{width:1em;height:1em}.elementor-widget-text-editor .elementor-drop-cap{float:left;text-align:center;line-height:1;font-size:50px}.elementor-widget-text-editor .elementor-drop-cap-letter{display:inline-block}<\/style>\t\t\t\t<p>\u00a0\u00a0 Bostanc\u0131 Oteli, \u0130stanbul&#8217;un e\u015fsiz g\u00fczelliklerini ke\u015ffetmek isteyen konuklar\u0131n\u0131 a\u011f\u0131rlayan l\u00fcks ve modern bir konaklama tesistir. Sahip oldu\u011fu benzersiz konumuyla dikkat \u00e7eken otelimiz, Anadolu Yakas\u0131&#8217;n\u0131n incisi Bostanc\u0131&#8217;da, denizin huzur veren manzaras\u0131 e\u015fli\u011finde, konuklar\u0131na unutulmaz bir konaklama deneyimi sunar.<\/p><p>\u00a0<\/p><p>\u00a0\u00a0 Misafirlerimizin memnuniyeti ve konforu bizim i\u00e7in en \u00f6nemli \u00f6nceliktir. Bu nedenle, Bostanc\u0131 Oteli olarak, her detay\u0131 \u00f6zenle d\u00fc\u015f\u00fcnerek konuklar\u0131m\u0131z\u0131n beklentilerini en \u00fcst d\u00fczeyde kar\u015f\u0131lamay\u0131 ama\u00e7l\u0131yoruz. Modern ve l\u00fcks tasar\u0131ma sahip odalar\u0131m\u0131z, konuklar\u0131m\u0131za rahat bir konaklama deneyimi sunarken, otelimizin sundu\u011fu geni\u015f hizmet yelpazesiyle de konuklar\u0131m\u0131z\u0131n ihtiya\u00e7lar\u0131n\u0131 kar\u015f\u0131lamak i\u00e7in \u00e7abal\u0131yoruz.<\/p><p>\u00a0<\/p><p>\u00a0\u00a0 Bostanc\u0131 Oteli, sadece bir konaklama tesisi de\u011fil, ayn\u0131 zamanda bir ya\u015fam tarz\u0131d\u0131r. Misafirlerimiz, otelimizin sundu\u011fu olanaklarla birlikte \u015fehrin tarihi ve k\u00fclt\u00fcrel zenginliklerini ke\u015ffetme imkan\u0131na sahip olurlar. Restoranlar\u0131m\u0131zda y\u00f6resel ve uluslararas\u0131 lezzetleri deneyebilir, spa ve fitness merkezimizde ise kendilerine zaman ay\u0131rarak rahatlayabilirler.<\/p>\t\t\t\t\t\t<\/div>\n\t\t\t\t<\/div>\n\t\t\t\t<div class=\"elementor-element elementor-element-e421fbc elementor-widget elementor-widget-image\" data-id=\"e421fbc\" data-element_type=\"widget\" data-widget_type=\"image.default\">\n\t\t\t\t<div class=\"elementor-widget-container\">\n\t\t\t<style>\/*! elementor - v3.23.0 - 10-07-2024 *\/\n.elementor-widget-image{text-align:center}.elementor-widget-image a{display:inline-block}.elementor-widget-image a img[src$=\".svg\"]{width:48px}.elementor-widget-image img{vertical-align:middle;display:inline-block}<\/style>\t\t\t\t\t\t\t\t\t\t<img fetchpriority=\"high\" decoding=\"async\" width=\"2560\" height=\"1710\" src=\"https:\/\/bostanciotel.com\/wp-content\/uploads\/2024\/03\/DSC02289-scaled.jpg\" class=\"attachment-full size-full wp-image-47\" alt=\"\" srcset=\"https:\/\/bostanciotel.com\/wp-content\/uploads\/2024\/03\/DSC02289-scaled.jpg 2560w, https:\/\/bostanciotel.com\/wp-content\/uploads\/2024\/03\/DSC02289-300x200.jpg 300w, https:\/\/bostanciotel.com\/wp-content\/uploads\/2024\/03\/DSC02289-1024x684.jpg 1024w, https:\/\/bostanciotel.com\/wp-content\/uploads\/2024\/03\/DSC02289-768x513.jpg 768w, https:\/\/bostanciotel.com\/wp-content\/uploads\/2024\/03\/DSC02289-1536x1026.jpg 1536w, https:\/\/bostanciotel.com\/wp-content\/uploads\/2024\/03\/DSC02289-2048x1368.jpg 2048w\" sizes=\"(max-width: 2560px) 100vw, 2560px\" \/>\t\t\t\t\t\t\t\t\t\t\t\t\t<\/div>\n\t\t\t\t<\/div>\n\t\t\t\t\t<\/div>\n\t\t\t\t<\/div>\n\t\t\t\t<\/div>\n\t\t<div class=\"elementor-element elementor-element-2aa8820 e-flex e-con-boxed e-con e-parent\" data-id=\"2aa8820\" data-element_type=\"container\">\n\t\t\t\t\t<div class=\"e-con-inner\">\n\t\t\t\t<div class=\"elementor-element elementor-element-0e3b08e elementor-widget elementor-widget-text-editor\" data-id=\"0e3b08e\" data-element_type=\"widget\" data-widget_type=\"text-editor.default\">\n\t\t\t\t<div class=\"elementor-widget-container\">\n\t\t\t\t\t\t\t<p>\u00a0\u00a0<\/p><p>\u00a0\u00a0 Bostanc\u0131 Oteli, sadece bir konaklama tesisi de\u011fil, ayn\u0131 zamanda bir ya\u015fam alan\u0131d\u0131r. Misafirlerimiz, otelimizin sundu\u011fu e\u015fsiz olanaklarla birlikte \u015fehrin tarihi ve k\u00fclt\u00fcrel zenginliklerini ke\u015ffetme imkan\u0131na sahiptirler. Restoranlar\u0131m\u0131zda y\u00f6resel ve uluslararas\u0131 lezzetleri deneyebilir, spa ve fitness merkezimizde ise kendilerine zaman ay\u0131rarak rahatlayabilirler. Ayr\u0131ca, i\u015f seyahati yapan misafirlerimiz i\u00e7in modern toplant\u0131 ve etkinlik alanlar\u0131m\u0131zla da hizmet veriyoruz.<\/p><p>\u00a0<\/p>\t\t\t\t\t\t<\/div>\n\t\t\t\t<\/div>\n\t\t<div class=\"elementor-element elementor-element-5ba133c e-grid e-con-boxed e-con e-child\" data-id=\"5ba133c\" data-element_type=\"container\">\n\t\t\t\t\t<div class=\"e-con-inner\">\n\t\t\t\t<div class=\"elementor-element elementor-element-8d2a8a6 elementor-widget elementor-widget-image\" data-id=\"8d2a8a6\" data-element_type=\"widget\" data-widget_type=\"image.default\">\n\t\t\t\t<div class=\"elementor-widget-container\">\n\t\t\t\t\t\t\t\t\t\t\t\t\t<img decoding=\"async\" width=\"1024\" height=\"684\" src=\"https:\/\/bostanciotel.com\/wp-content\/uploads\/2024\/03\/DSC02272-1024x684.jpg\" class=\"attachment-large size-large wp-image-80\" alt=\"\" srcset=\"https:\/\/bostanciotel.com\/wp-content\/uploads\/2024\/03\/DSC02272-1024x684.jpg 1024w, https:\/\/bostanciotel.com\/wp-content\/uploads\/2024\/03\/DSC02272-300x200.jpg 300w, https:\/\/bostanciotel.com\/wp-content\/uploads\/2024\/03\/DSC02272-768x513.jpg 768w, https:\/\/bostanciotel.com\/wp-content\/uploads\/2024\/03\/DSC02272-1536x1026.jpg 1536w, https:\/\/bostanciotel.com\/wp-content\/uploads\/2024\/03\/DSC02272-2048x1368.jpg 2048w\" sizes=\"(max-width: 1024px) 100vw, 1024px\" \/>\t\t\t\t\t\t\t\t\t\t\t\t\t<\/div>\n\t\t\t\t<\/div>\n\t\t\t\t<div class=\"elementor-element elementor-element-19338bb elementor-widget elementor-widget-text-editor\" data-id=\"19338bb\" data-element_type=\"widget\" data-widget_type=\"text-editor.default\">\n\t\t\t\t<div class=\"elementor-widget-container\">\n\t\t\t\t\t\t\t<p>\u00a0\u00a0 Bostanc\u0131 Oteli olarak, misafirlerimize unutulmaz bir konaklama deneyimi ya\u015fatmay\u0131 ama\u00e7l\u0131yoruz. Misafirperverli\u011fimiz, kalitemiz ve benzersiz hizmet anlay\u0131\u015f\u0131m\u0131zla konuklar\u0131m\u0131z\u0131n her an\u0131n\u0131 \u00f6zel k\u0131lmak i\u00e7in buraday\u0131z. \u0130stanbul&#8217;un kalbinde, Bostanc\u0131 Oteli&#8217;nde sizleri a\u011f\u0131rlamaktan b\u00fcy\u00fck mutluluk duyar\u0131z.<\/p><p>\u00a0<\/p><p>\u00a0\u00a0 Bostanc\u0131 Oteli, \u0130stanbul&#8217;un g\u00f6zde semtlerinden biri olan Bostanc\u0131&#8217;da, denizin mavisiyle ye\u015filin bulu\u015ftu\u011fu e\u015fsiz bir noktada yer al\u0131r. Otelimiz, konuklar\u0131na \u015fehrin karma\u015fas\u0131ndan uzakla\u015farak huzurlu ve keyifli bir konaklama deneyimi sunmay\u0131 hedefler. Misafirlerimizin her an\u0131n\u0131 \u00f6zel k\u0131lmak i\u00e7in \u00f6zenle tasarlanm\u0131\u015f olan otelimiz, l\u00fcks ve modern bir konaklama deneyimi sunar.<\/p><p>\u00a0<\/p><p>\u00a0\u00a0 Bostanc\u0131 Oteli olarak, misafirlerimizin memnuniyeti ve konforu her zaman \u00f6nceli\u011fimizdir. Bu nedenle, her detay\u0131 titizlikle d\u00fc\u015f\u00fcnerek, konuklar\u0131m\u0131z\u0131n beklentilerini kar\u015f\u0131lamak i\u00e7in \u00e7abal\u0131yoruz. Geni\u015f ve ferah odalar\u0131m\u0131z, konuklar\u0131m\u0131za evlerindeymi\u015f gibi bir ortam sunarken, otelimizin sundu\u011fu birbirinden \u00f6zel olanaklarla da konaklama deneyimlerini unutulmaz k\u0131lmak i\u00e7in \u00e7abal\u0131yoruz.<\/p>\t\t\t\t\t\t<\/div>\n\t\t\t\t<\/div>\n\t\t\t\t\t<\/div>\n\t\t\t\t<\/div>\n\t\t\t\t\t<\/div>\n\t\t\t\t<\/div>\n\t\t<div class=\"elementor-element elementor-element-b5625b6 e-flex e-con-boxed e-con e-parent\" data-id=\"b5625b6\" data-element_type=\"container\">\n\t\t\t\t\t<div class=\"e-con-inner\">\n\t\t\t\t<div class=\"elementor-element elementor-element-1c7a65f elementor-widget elementor-widget-text-editor\" data-id=\"1c7a65f\" data-element_type=\"widget\" data-widget_type=\"text-editor.default\">\n\t\t\t\t<div class=\"elementor-widget-container\">\n\t\t\t\t\t\t\t<p>\u00a0<\/p><p>\u00a0\u00a0 Bostanc\u0131 Oteli olarak, misafirlerimize unutulmaz bir konaklama deneyimi ya\u015fatmak i\u00e7in buraday\u0131z. Misafirperverli\u011fimiz, kalitemiz ve benzersiz hizmet anlay\u0131\u015f\u0131m\u0131zla konuklar\u0131m\u0131z\u0131n her an\u0131n\u0131 \u00f6zel k\u0131lmak i\u00e7in \u00e7abal\u0131yoruz. \u0130stanbul&#8217;un kalbinde, Bostanc\u0131 Oteli&#8217;nde sizleri a\u011f\u0131rlamaktan b\u00fcy\u00fck mutluluk duyar\u0131z.<\/p>\t\t\t\t\t\t<\/div>\n\t\t\t\t<\/div>\n\t\t\t\t\t<\/div>\n\t\t\t\t<\/div>\n\t\t\t\t<\/div>\n\t\t","protected":false},"excerpt":{"rendered":"<p>Evinizin Rahatl\u0131\u011f\u0131nda Konaklama Deneyimi Ya\u015fay\u0131n. \u00a0\u00a0 Bostanc\u0131 Oteli, \u0130stanbul&#8217;un e\u015fsiz g\u00fczelliklerini ke\u015ffetmek isteyen konuklar\u0131n\u0131 a\u011f\u0131rlayan l\u00fcks ve modern bir konaklama tesistir. Sahip oldu\u011fu benzersiz konumuyla dikkat \u00e7eken otelimiz, Anadolu Yakas\u0131&#8217;n\u0131n incisi Bostanc\u0131&#8217;da, denizin huzur veren manzaras\u0131 e\u015fli\u011finde, konuklar\u0131na unutulmaz bir konaklama deneyimi sunar. \u00a0 \u00a0\u00a0 Misafirlerimizin memnuniyeti ve konforu bizim i\u00e7in en \u00f6nemli \u00f6nceliktir. Bu [&hellip;]<\/p>\n","protected":false},"author":1,"featured_media":0,"parent":0,"menu_order":0,"comment_status":"closed","ping_status":"closed","template":"","meta":{"footnotes":""},"class_list":["post-21","page","type-page","status-publish","hentry"],"_links":{"self":[{"href":"https:\/\/bostanciotel.com\/index.php\/wp-json\/wp\/v2\/pages\/21","targetHints":{"allow":["GET"]}}],"collection":[{"href":"https:\/\/bostanciotel.com\/index.php\/wp-json\/wp\/v2\/pages"}],"about":[{"href":"https:\/\/bostanciotel.com\/index.php\/wp-json\/wp\/v2\/types\/page"}],"author":[{"embeddable":true,"href":"https:\/\/bostanciotel.com\/index.php\/wp-json\/wp\/v2\/users\/1"}],"replies":[{"embeddable":true,"href":"https:\/\/bostanciotel.com\/index.php\/wp-json\/wp\/v2\/comments?post=21"}],"version-history":[{"count":7,"href":"https:\/\/bostanciotel.com\/index.php\/wp-json\/wp\/v2\/pages\/21\/revisions"}],"predecessor-version":[{"id":85,"href":"https:\/\/bostanciotel.com\/index.php\/wp-json\/wp\/v2\/pages\/21\/revisions\/85"}],"wp:attachment":[{"href":"https:\/\/bostanciotel.com\/index.php\/wp-json\/wp\/v2\/media?parent=21"}],"curies":[{"name":"wp","href":"https:\/\/api.w.org\/{rel}","templated":true}]}}